{"id":3147,"date":"2022-05-30T19:28:53","date_gmt":"2022-05-30T17:28:53","guid":{"rendered":"https:\/\/jermainelandsberger.com\/protection-des-donnees\/"},"modified":"2024-04-15T10:02:37","modified_gmt":"2024-04-15T08:02:37","slug":"protection-des-donnees","status":"publish","type":"page","link":"https:\/\/jermainelandsberger.com\/fr\/protection-des-donnees\/","title":{"rendered":"Protection des donn\u00e9es"},"content":{"rendered":"\t\t<div data-elementor-type=\"wp-page\" data-elementor-id=\"3147\" class=\"elementor elementor-3147 elementor-12\" data-elementor-post-type=\"page\">\n\t\t\t\t\t\t<section class=\"elementor-section elementor-top-section elementor-element elementor-element-ce497e5 elementor-section-boxed elementor-section-height-default elementor-section-height-default\" data-id=\"ce497e5\" data-element_type=\"section\" data-e-type=\"section\" data-settings=\"{&quot;jet_parallax_layout_list&quot;:[]}\">\n\t\t\t\t\t\t<div class=\"elementor-container elementor-column-gap-default\">\n\t\t\t\t\t<div class=\"elementor-column elementor-col-100 elementor-top-column elementor-element elementor-element-7042d59\" data-id=\"7042d59\" data-element_type=\"column\" data-e-type=\"column\">\n\t\t\t<div class=\"elementor-widget-wrap elementor-element-populated\">\n\t\t\t\t\t\t<div class=\"elementor-element elementor-element-f0dfc9b elementor-widget elementor-widget-heading\" data-id=\"f0dfc9b\" data-element_type=\"widget\" data-e-type=\"widget\" data-widget_type=\"heading.default\">\n\t\t\t\t<div class=\"elementor-widget-container\">\n\t\t\t\t\t<h2 class=\"elementor-heading-title elementor-size-default\">D\u00e9claration de confidentialit\u00e9<\/h2>\t\t\t\t<\/div>\n\t\t\t\t<\/div>\n\t\t\t\t<div class=\"elementor-element elementor-element-d32d35c elementor-widget elementor-widget-text-editor\" data-id=\"d32d35c\" data-element_type=\"widget\" data-e-type=\"widget\" data-widget_type=\"text-editor.default\">\n\t\t\t\t<div class=\"elementor-widget-container\">\n\t\t\t\t\t\t\t\t\t<h5>1. la protection des donn\u00e9es en un coup d&rsquo;\u0153il<\/h5>\n<h6>Remarques g\u00e9n\u00e9rales<\/h6>\n<p>Les indications suivantes donnent un aper\u00e7u simple de ce qui se passe avec vos donn\u00e9es personnelles lorsque vous visitez ce site web. Les donn\u00e9es personnelles sont toutes les donn\u00e9es qui permettent de vous identifier personnellement. Vous trouverez des informations d\u00e9taill\u00e9es sur le th\u00e8me de la protection des donn\u00e9es dans notre d\u00e9claration de protection des donn\u00e9es mentionn\u00e9e sous ce texte.<\/p>\n<h6>Collecte de donn\u00e9es sur ce site web<\/h6>\n<h6>Qui est responsable de la collecte des donn\u00e9es sur ce site ?<\/h6>\n<p>Le traitement des donn\u00e9es sur ce site web est effectu\u00e9 par l&rsquo;exploitant du site web. Vous trouverez les coordonn\u00e9es de ce dernier dans la section \u00ab\u00a0Informations sur le responsable du traitement\u00a0\u00bb de la pr\u00e9sente d\u00e9claration de protection des donn\u00e9es.<\/p>\n<h6>Comment recueillons-nous vos donn\u00e9es ?<\/h6>\n<p>Vos donn\u00e9es sont collect\u00e9es, d&rsquo;une part, lorsque vous nous les communiquez. Il peut s&rsquo;agir, par exemple, de donn\u00e9es que vous saisissez dans un formulaire de contact.<\/p>\n<p>D&rsquo;autres donn\u00e9es sont collect\u00e9es automatiquement ou apr\u00e8s votre consentement par nos syst\u00e8mes informatiques lorsque vous visitez le site. Il s&rsquo;agit principalement de donn\u00e9es techniques (par exemple, le navigateur Internet, le syst\u00e8me d&rsquo;exploitation ou l&rsquo;heure de consultation de la page). La collecte de ces donn\u00e9es est automatique d\u00e8s que vous acc\u00e9dez \u00e0 ce site.<\/p>\n<h6>\u00c0 quelles fins utilisons-nous vos donn\u00e9es ?<\/h6>\n<p>Une partie des donn\u00e9es est collect\u00e9e afin de garantir une mise \u00e0 disposition sans erreur du site web. D&rsquo;autres donn\u00e9es peuvent \u00eatre utilis\u00e9es pour analyser votre comportement d&rsquo;utilisateur.<\/p>\n<h6>Quels sont vos droits concernant vos donn\u00e9es ?<\/h6>\n<p>Vous avez \u00e0 tout moment le droit d&rsquo;obtenir gratuitement des informations sur l&rsquo;origine, le destinataire et la finalit\u00e9 de vos donn\u00e9es personnelles enregistr\u00e9es. Vous avez \u00e9galement le droit de demander la rectification ou la suppression de ces donn\u00e9es. Si vous avez donn\u00e9 votre consentement au traitement des donn\u00e9es, vous pouvez le r\u00e9voquer \u00e0 tout moment pour l&rsquo;avenir. Vous avez \u00e9galement le droit, dans certaines circonstances, de demander la limitation du traitement de vos donn\u00e9es \u00e0 caract\u00e8re personnel. En outre, vous disposez d&rsquo;un droit de recours aupr\u00e8s de l&rsquo;autorit\u00e9 de surveillance comp\u00e9tente.<\/p>\n<p>Vous pouvez nous contacter \u00e0 tout moment \u00e0 ce sujet ou pour toute autre question relative \u00e0 la protection des donn\u00e9es.<\/p>\n<h5>2. l&rsquo;h\u00e9bergement<\/h5>\n<h6>DomainFactory<\/h6>\n<p>Nous h\u00e9bergeons notre site web chez DomainFactory. Le fournisseur est DomainFactory GmbH, Oskar-Messter-Str. 33, 85737 Ismaning (ci-apr\u00e8s DomainFactory) Lorsque vous visitez notre site web, DomainFactory collecte diff\u00e9rents fichiers journaux, y compris vos adresses IP.<\/p>\n<p>Pour plus de d\u00e9tails, veuillez consulter la d\u00e9claration de confidentialit\u00e9 de DomainFactory <a href=\"https:\/\/www.df.eu\/de\/datenschutz\/\" target=\"_blank\" rel=\"noopener noreferrer\">: https:\/\/www.df.eu\/de\/datenschutz\/.<\/a><\/p>\n<p>L&rsquo;utilisation de DomainFactory se fait sur la base de l&rsquo;art. 6 al. 1 lit. f du RGPD. Nous avons un int\u00e9r\u00eat l\u00e9gitime \u00e0 ce que notre site web soit pr\u00e9sent\u00e9 de la mani\u00e8re la plus fiable possible. Dans la mesure o\u00f9 un consentement correspondant a \u00e9t\u00e9 demand\u00e9, le traitement est effectu\u00e9 exclusivement sur la base de l&rsquo;article 6, paragraphe 6. 1 lit. a RGPD et \u00a7 25 al. 1 TTDSG, dans la mesure o\u00f9 le consentement inclut le stockage de cookies ou l&rsquo;acc\u00e8s \u00e0 des informations dans le terminal de l&rsquo;utilisateur (par exemple pour le Device-Fingerprinting) au sens de la TTDSG. Le consentement est r\u00e9vocable \u00e0 tout moment.<\/p>\n<h5>3. indications g\u00e9n\u00e9rales et informations obligatoires<\/h5>\n<h6>Protection des donn\u00e9es<\/h6>\n<p>Les exploitants de ces pages prennent la protection de vos donn\u00e9es personnelles tr\u00e8s au s\u00e9rieux. Nous traitons vos donn\u00e9es personnelles de mani\u00e8re confidentielle et conform\u00e9ment aux dispositions l\u00e9gales en mati\u00e8re de protection des donn\u00e9es et \u00e0 la pr\u00e9sente d\u00e9claration de confidentialit\u00e9.<\/p>\n<p>Lorsque vous utilisez ce site web, diverses donn\u00e9es personnelles sont collect\u00e9es. Les donn\u00e9es personnelles sont des donn\u00e9es qui permettent de vous identifier personnellement. La pr\u00e9sente d\u00e9claration de confidentialit\u00e9 explique quelles donn\u00e9es nous collectons et \u00e0 quelles fins nous les utilisons. Elle explique \u00e9galement comment et dans quel but cela se fait.<\/p>\n<p>Nous attirons votre attention sur le fait que la transmission de donn\u00e9es sur Internet (par exemple lors de la communication par e-mail) peut pr\u00e9senter des failles de s\u00e9curit\u00e9. Une protection compl\u00e8te des donn\u00e9es contre l&rsquo;acc\u00e8s par des tiers n&rsquo;est pas possible.<\/p>\n<h6>Remarque sur le service responsable<\/h6>\n<p>Le responsable du traitement des donn\u00e9es sur ce site est :<\/p>\n<p>Jermaine Landsberger<br \/>e-Mail : info@jermainelandsberger.com<\/p>\n<h6>Dur\u00e9e de stockage<\/h6>\n<p>Dans la mesure o\u00f9 aucune dur\u00e9e de conservation sp\u00e9cifique n&rsquo;est mentionn\u00e9e dans la pr\u00e9sente d\u00e9claration de protection des donn\u00e9es, vos donn\u00e9es \u00e0 caract\u00e8re personnel restent chez nous jusqu&rsquo;\u00e0 ce que la finalit\u00e9 du traitement des donn\u00e9es soit supprim\u00e9e. Si vous faites valoir une demande l\u00e9gitime d&rsquo;effacement ou si vous r\u00e9voquez un consentement au traitement des donn\u00e9es, vos donn\u00e9es seront effac\u00e9es, \u00e0 moins que nous n&rsquo;ayons d&rsquo;autres raisons l\u00e9galement valables de conserver vos donn\u00e9es personnelles (par exemple, des d\u00e9lais de conservation en vertu du droit fiscal ou commercial) ; dans ce dernier cas, l&rsquo;effacement aura lieu apr\u00e8s la disparition de ces raisons.<\/p>\n<h6>Informations g\u00e9n\u00e9rales sur les bases juridiques du traitement des donn\u00e9es sur ce site web<\/h6>\n<p>Si vous avez donn\u00e9 votre consentement au traitement des donn\u00e9es, nous traitons vos donn\u00e9es personnelles sur la base de l&rsquo;article 6, paragraphe 1, de la loi sur la protection des donn\u00e9es. 1 lit. a du RGPD ou de l&rsquo;art. 9, al. 2 lit. a RGPD, dans la mesure o\u00f9 des cat\u00e9gories particuli\u00e8res de donn\u00e9es sont trait\u00e9es conform\u00e9ment \u00e0 l&rsquo;article 9, paragraphe 1, du RGPD. 1 RGPD. En cas de consentement explicite au transfert de donn\u00e9es \u00e0 caract\u00e8re personnel vers des pays tiers, le traitement des donn\u00e9es s&rsquo;effectue en outre sur la base de l&rsquo;article 49, paragraphe 1, de la loi sur la protection des donn\u00e9es. 1 lit. a RGPD. Si vous avez consenti \u00e0 l&rsquo;enregistrement de cookies ou \u00e0 l&rsquo;acc\u00e8s \u00e0 des informations dans votre terminal (par exemple via l&#8217;empreinte digitale de l&rsquo;appareil), le traitement des donn\u00e9es s&rsquo;effectue en outre sur la base de l&rsquo;article 25, paragraphe 1, de la loi sur la protection des donn\u00e9es. 1 TTDSG. Le consentement est r\u00e9vocable \u00e0 tout moment. Si vos donn\u00e9es sont n\u00e9cessaires \u00e0 l&rsquo;ex\u00e9cution d&rsquo;un contrat ou \u00e0 la mise en \u0153uvre de mesures pr\u00e9contractuelles, nous traitons vos donn\u00e9es sur la base de l&rsquo;article 6, paragraphe 6. 1 lit. b du RGPD. En outre, nous traitons vos donn\u00e9es dans la mesure o\u00f9 elles sont n\u00e9cessaires au respect d&rsquo;une obligation l\u00e9gale sur la base de l&rsquo;article 6, paragraphe 1, de la loi sur la protection des donn\u00e9es. 1 lit. c du RGPD. Le traitement des donn\u00e9es peut en outre \u00eatre fond\u00e9 sur notre int\u00e9r\u00eat l\u00e9gitime conform\u00e9ment \u00e0 l&rsquo;art. 6, al. 1 lit. f du RGPD. Les paragraphes suivants de la pr\u00e9sente d\u00e9claration de protection des donn\u00e9es informent sur les bases juridiques applicables dans chaque cas.<\/p>\n<h6>R\u00e9vocation de votre consentement au traitement des donn\u00e9es<\/h6>\n<p>De nombreuses op\u00e9rations de traitement des donn\u00e9es ne sont possibles qu&rsquo;avec votre consentement explicite. Vous pouvez r\u00e9voquer \u00e0 tout moment un consentement d\u00e9j\u00e0 donn\u00e9. La l\u00e9galit\u00e9 du traitement des donn\u00e9es effectu\u00e9 jusqu&rsquo;\u00e0 la r\u00e9vocation n&rsquo;est pas affect\u00e9e par la r\u00e9vocation.<\/p>\n<h6>Droit d&rsquo;opposition \u00e0 la collecte de donn\u00e9es dans des cas particuliers ainsi qu&rsquo;\u00e0 la publicit\u00e9 directe (art. 21 RGPD)<\/h6>\n<p>LORSQUE LE TRAITEMENT DES DONN\u00c9ES EST EFFECTU\u00c9 SUR LA BASE DE L&rsquo;ART. 6 ABS. 1 LIT. E OU F DU DSGVO, VOUS AVEZ LE DROIT DE VOUS OPPOSER \u00c0 TOUT MOMENT, POUR DES RAISONS TENANT \u00c0 VOTRE SITUATION PARTICULI\u00c8RE, AU TRAITEMENT DE VOS DONN\u00c9ES PERSONNELLES ; CELA VAUT \u00c9GALEMENT POUR LE PROFILAGE FOND\u00c9 SUR CES DISPOSITIONS. LES BASES JURIDIQUES RESPECTIVES SUR LESQUELLES SE FONDE UN TRAITEMENT SONT INDIQU\u00c9ES DANS LA PR\u00c9SENTE D\u00c9CLARATION DE PROTECTION DES DONN\u00c9ES. SI VOUS VOUS Y OPPOSEZ, NOUS NE TRAITERONS PLUS VOS DONN\u00c9ES PERSONNELLES CONCERN\u00c9ES, \u00c0 MOINS QUE NOUS PUISSIONS D\u00c9MONTRER DES RAISONS IMP\u00c9RIEUSES ET L\u00c9GITIMES POUR LE TRAITEMENT QUI PR\u00c9VALENT SUR VOS INT\u00c9R\u00caTS, VOS DROITS ET VOS LIBERT\u00c9S, OU QUE LE TRAITEMENT SERVE \u00c0 FAIRE VALOIR, EXERCER OU D\u00c9FENDRE DES DROITS L\u00c9GAUX (OPPOSITION \u00c0 L&rsquo;ARTICLE 21, PARAGRAPHE 1, DU DSGVO).<\/p>\n<p>SI VOS DONN\u00c9ES PERSONNELLES SONT TRAIT\u00c9ES \u00c0 DES FINS DE PUBLICIT\u00c9 DIRECTE, VOUS AVEZ LE DROIT DE VOUS OPPOSER \u00c0 TOUT MOMENT AU TRAITEMENT DES DONN\u00c9ES PERSONNELLES VOUS CONCERNANT \u00c0 DE TELLES FINS DE PUBLICIT\u00c9 ; CECI S&rsquo;APPLIQUE \u00c9GALEMENT AU PROFILAGE DANS LA MESURE O\u00d9 IL EST LI\u00c9 \u00c0 UNE TELLE PUBLICIT\u00c9 DIRECTE. SI VOUS VOUS Y OPPOSEZ, VOS DONN\u00c9ES PERSONNELLES NE SERONT PLUS UTILIS\u00c9ES \u00c0 DES FINS DE PUBLICIT\u00c9 DIRECTE (OPPOSITION SELON L&rsquo;ART. 21 AL. 2 DSGVO).<\/p>\n<h6>Droit de recours aupr\u00e8s de l&rsquo;autorit\u00e9 de surveillance comp\u00e9tente<\/h6>\n<p>En cas de violation du RGPD, les personnes concern\u00e9es disposent d&rsquo;un droit de recours aupr\u00e8s d&rsquo;une autorit\u00e9 de contr\u00f4le, notamment dans l&rsquo;\u00c9tat membre de leur r\u00e9sidence habituelle, de leur lieu de travail ou du lieu de la violation pr\u00e9sum\u00e9e. Le droit de recours est sans pr\u00e9judice des autres voies de recours administratives ou judiciaires.<\/p>\n<h6>Droit \u00e0 la portabilit\u00e9 des donn\u00e9es<\/h6>\n<p>Vous avez le droit de vous faire remettre ou de faire remettre \u00e0 un tiers, dans un format courant et lisible par machine, les donn\u00e9es que nous traitons de mani\u00e8re automatis\u00e9e sur la base de votre consentement ou en ex\u00e9cution d&rsquo;un contrat. Si vous demandez le transfert direct des donn\u00e9es \u00e0 un autre responsable, cela ne se fera que dans la mesure o\u00f9 cela est techniquement faisable.<\/p>\n<h6>Acc\u00e8s, suppression et rectification<\/h6>\n<p>Dans le cadre des dispositions l\u00e9gales en vigueur, vous avez \u00e0 tout moment le droit d&rsquo;obtenir gratuitement des informations sur vos donn\u00e9es personnelles enregistr\u00e9es, leur origine et leur destinataire ainsi que sur la finalit\u00e9 du traitement des donn\u00e9es et, le cas \u00e9ch\u00e9ant, un droit de rectification ou de suppression de ces donn\u00e9es. Vous pouvez nous contacter \u00e0 tout moment \u00e0 ce sujet ou pour toute autre question concernant les donn\u00e9es personnelles.<\/p>\n<h6>Droit \u00e0 la limitation du traitement<\/h6>\n<p>Vous avez le droit de demander la limitation du traitement de vos donn\u00e9es \u00e0 caract\u00e8re personnel. Pour ce faire, vous pouvez nous contacter \u00e0 tout moment. Le droit \u00e0 la limitation du traitement s&rsquo;applique dans les cas suivants :<\/p>\n<ul>\n<li>Si vous contestez l&rsquo;exactitude des donn\u00e9es personnelles que nous d\u00e9tenons \u00e0 votre sujet, nous avons g\u00e9n\u00e9ralement besoin de temps pour le v\u00e9rifier. Pendant la dur\u00e9e de l&rsquo;examen, vous avez le droit de demander la limitation du traitement de vos donn\u00e9es \u00e0 caract\u00e8re personnel.<\/li>\n<li>Si le traitement de vos donn\u00e9es personnelles s&rsquo;est produit\/se produit de mani\u00e8re ill\u00e9gale, vous pouvez demander la limitation du traitement des donn\u00e9es au lieu de leur suppression.<\/li>\n<li>Si nous n&rsquo;avons plus besoin de vos donn\u00e9es \u00e0 caract\u00e8re personnel, mais que vous en avez besoin pour exercer, d\u00e9fendre ou faire valoir des droits juridiques, vous avez le droit de demander la limitation du traitement de vos donn\u00e9es \u00e0 caract\u00e8re personnel au lieu de leur suppression.<\/li>\n<li>Si vous souhaitez faire opposition conform\u00e9ment \u00e0 l&rsquo;article 21, paragraphe 1, de la directive sur la protection des donn\u00e9es, vous pouvez le faire en nous contactant. 1 RGPD, un \u00e9quilibre doit \u00eatre trouv\u00e9 entre vos int\u00e9r\u00eats et les n\u00f4tres. Tant qu&rsquo;il n&rsquo;a pas \u00e9t\u00e9 d\u00e9termin\u00e9 quels int\u00e9r\u00eats pr\u00e9valent, vous avez le droit d&rsquo;exiger la limitation du traitement de vos donn\u00e9es \u00e0 caract\u00e8re personnel.<\/li>\n<\/ul>\n<p>Si vous avez limit\u00e9 le traitement de vos donn\u00e9es \u00e0 caract\u00e8re personnel, ces donn\u00e9es &#8211; \u00e0 l&rsquo;exception de leur conservation &#8211; ne peuvent \u00eatre trait\u00e9es qu&rsquo;avec votre consentement ou pour la constatation, l&rsquo;exercice ou la d\u00e9fense de droits en justice ou pour la protection des droits d&rsquo;une autre personne physique ou morale, ou encore pour un motif d&rsquo;int\u00e9r\u00eat public important de l&rsquo;Union europ\u00e9enne ou d&rsquo;un \u00c9tat membre.<\/p><\/p>\n\t\t\t\t\t\t\t\t<\/div>\n\t\t\t\t<\/div>\n\t\t\t\t\t<\/div>\n\t\t<\/div>\n\t\t\t\t\t<\/div>\n\t\t<\/section>\n\t\t\t\t<\/div>\n\t\t","protected":false},"excerpt":{"rendered":"<p>D\u00e9claration de confidentialit\u00e9 1. la protection des donn\u00e9es en un coup d&rsquo;\u0153il Remarques g\u00e9n\u00e9rales Les indications suivantes donnent un aper\u00e7u simple de ce qui se passe avec vos donn\u00e9es personnelles lorsque vous visitez ce site web. Les donn\u00e9es personnelles sont toutes les donn\u00e9es qui permettent de vous identifier personnellement. Vous trouverez des informations d\u00e9taill\u00e9es sur [&hellip;]<\/p>\n","protected":false},"author":1,"featured_media":0,"parent":0,"menu_order":0,"comment_status":"closed","ping_status":"closed","template":"","meta":{"footnotes":""},"class_list":["post-3147","page","type-page","status-publish","hentry"],"_links":{"self":[{"href":"https:\/\/jermainelandsberger.com\/fr\/wp-json\/wp\/v2\/pages\/3147","targetHints":{"allow":["GET"]}}],"collection":[{"href":"https:\/\/jermainelandsberger.com\/fr\/wp-json\/wp\/v2\/pages"}],"about":[{"href":"https:\/\/jermainelandsberger.com\/fr\/wp-json\/wp\/v2\/types\/page"}],"author":[{"embeddable":true,"href":"https:\/\/jermainelandsberger.com\/fr\/wp-json\/wp\/v2\/users\/1"}],"replies":[{"embeddable":true,"href":"https:\/\/jermainelandsberger.com\/fr\/wp-json\/wp\/v2\/comments?post=3147"}],"version-history":[{"count":1,"href":"https:\/\/jermainelandsberger.com\/fr\/wp-json\/wp\/v2\/pages\/3147\/revisions"}],"predecessor-version":[{"id":3152,"href":"https:\/\/jermainelandsberger.com\/fr\/wp-json\/wp\/v2\/pages\/3147\/revisions\/3152"}],"wp:attachment":[{"href":"https:\/\/jermainelandsberger.com\/fr\/wp-json\/wp\/v2\/media?parent=3147"}],"curies":[{"name":"wp","href":"https:\/\/api.w.org\/{rel}","templated":true}]}}