{"id":3165,"date":"2022-05-30T19:33:05","date_gmt":"2022-05-30T17:33:05","guid":{"rendered":"https:\/\/jermainelandsberger.com\/about\/"},"modified":"2024-06-27T10:05:24","modified_gmt":"2024-06-27T08:05:24","slug":"about","status":"publish","type":"page","link":"https:\/\/jermainelandsberger.com\/fr\/about\/","title":{"rendered":"ABOUT"},"content":{"rendered":"\t\t<div data-elementor-type=\"wp-page\" data-elementor-id=\"3165\" class=\"elementor elementor-3165 elementor-23\" data-elementor-settings=\"{&quot;scroll_snap&quot;:&quot;yes&quot;}\" data-elementor-post-type=\"page\">\n\t\t\t\t<div class=\"elementor-element elementor-element-1b2ce5d e-con-full e-flex e-con e-parent\" data-id=\"1b2ce5d\" data-element_type=\"container\" data-e-type=\"container\" data-settings=\"{&quot;jet_parallax_layout_list&quot;:[]}\">\n\t\t<div class=\"elementor-element elementor-element-12ba251 e-con-full e-flex e-con e-child\" data-id=\"12ba251\" data-element_type=\"container\" data-e-type=\"container\" data-settings=\"{&quot;jet_parallax_layout_list&quot;:[]}\">\n\t\t\t\t<div class=\"elementor-element elementor-element-7b2def7 elementor-widget__width-inherit elementor-widget elementor-widget-heading\" data-id=\"7b2def7\" data-element_type=\"widget\" data-e-type=\"widget\" data-widget_type=\"heading.default\">\n\t\t\t\t<div class=\"elementor-widget-container\">\n\t\t\t\t\t<h2 class=\"elementor-heading-title elementor-size-default\">\u00c0 propos de<\/h2>\t\t\t\t<\/div>\n\t\t\t\t<\/div>\n\t\t\t\t<div class=\"elementor-element elementor-element-9bc826e elementor-arrows-position-outside elementor--h-position-center elementor--v-position-middle elementor-pagination-position-inside elementor-widget elementor-widget-slides\" data-id=\"9bc826e\" data-element_type=\"widget\" data-e-type=\"widget\" data-settings=\"{&quot;transition&quot;:&quot;fade&quot;,&quot;autoplay_speed&quot;:8000,&quot;transition_speed&quot;:1000,&quot;navigation&quot;:&quot;both&quot;,&quot;autoplay&quot;:&quot;yes&quot;,&quot;pause_on_hover&quot;:&quot;yes&quot;,&quot;pause_on_interaction&quot;:&quot;yes&quot;,&quot;infinite&quot;:&quot;yes&quot;}\" data-widget_type=\"slides.default\">\n\t\t\t\t<div class=\"elementor-widget-container\">\n\t\t\t\t\t\t\t\t\t<div class=\"elementor-swiper\">\n\t\t\t\t\t<div class=\"elementor-slides-wrapper elementor-main-swiper swiper\" role=\"region\" aria-roledescription=\"carousel\" aria-label=\"Diapositives\" dir=\"ltr\" data-animation=\"zoomIn\">\n\t\t\t\t<div class=\"swiper-wrapper elementor-slides\">\n\t\t\t\t\t\t\t\t\t\t<div class=\"elementor-repeater-item-5586a1f swiper-slide\" role=\"group\" aria-roledescription=\"slide\"><div class=\"swiper-slide-bg\"><\/div><div class=\"swiper-slide-inner\" ><div class=\"swiper-slide-contents\"><div class=\"elementor-slide-heading\">Mindener Tageblatt:<\/div><div class=\"elementor-slide-description\"><p>\"Jermaine Landsberger balaie les touches avec une dext\u00e9rit\u00e9 \u00e9poustouflante et une grande expressivit\u00e9, plongeant le public dans la liesse\".<\/p>\n<\/div><\/div><\/div><\/div><div class=\"elementor-repeater-item-477813c swiper-slide\" role=\"group\" aria-roledescription=\"slide\"><div class=\"swiper-slide-bg\"><\/div><div class=\"swiper-slide-inner\" ><div class=\"swiper-slide-contents\"><div class=\"elementor-slide-heading\">Pat Martino :<\/div><div class=\"elementor-slide-description\"><p>\"Dans l'\u00e9volution de n'importe quel instrument, il n'y a qu'une poign\u00e9e de personnes qui sont vraiment innovantes. Ce type est l'un d'entre eux. Jermaine Landsberger est un artiste formidable, un ma\u00eetre avec la flamme !\"<\/p>\n<\/div><\/div><\/div><\/div><div class=\"elementor-repeater-item-12c79f1 swiper-slide\" role=\"group\" aria-roledescription=\"slide\"><div class=\"swiper-slide-bg\"><\/div><div class=\"swiper-slide-inner\" ><div class=\"swiper-slide-contents\"><div class=\"elementor-slide-heading\">S\u00fcddeutsche Zeitung :<\/div><div class=\"elementor-slide-description\"><p>\"Landsberger ouvre une large vitrine de styles, de tempos et d'ambiances. Entre le bebop, l'art du clavier et la fusion de ballades dignes d'un film\".<\/p>\n<\/div><\/div><\/div><\/div><div class=\"elementor-repeater-item-884967b swiper-slide\" role=\"group\" aria-roledescription=\"slide\"><div class=\"swiper-slide-bg\"><\/div><div class=\"swiper-slide-inner\" ><div class=\"swiper-slide-contents\"><div class=\"elementor-slide-heading\">The Lion, France :<\/div><div class=\"elementor-slide-description\"><p>\"Un pianiste grandiose !\"  <\/p>\n<\/div><\/div><\/div><\/div><div class=\"elementor-repeater-item-12a699c swiper-slide\" role=\"group\" aria-roledescription=\"slide\"><div class=\"swiper-slide-bg\"><\/div><div class=\"swiper-slide-inner\" ><div class=\"swiper-slide-contents\"><div class=\"elementor-slide-heading\">Randy Brecker :<\/div><div class=\"elementor-slide-description\"><p>\"Les musiques de Jermaine offrent une large palette sonore et stylistique \u00e0 choisir, avec juste un soup\u00e7on de son background Sinti, mais elles ont toutes cette sensibilit\u00e9 harmonique manouche particuli\u00e8re qui fait mal aux yeux alors qu'elles swinguent comme si elles \u00e9taient folles en m\u00eame temps\".<\/p>\n<\/div><\/div><\/div><\/div><div class=\"elementor-repeater-item-43000d5 swiper-slide\" role=\"group\" aria-roledescription=\"slide\"><div class=\"swiper-slide-bg\"><\/div><div class=\"swiper-slide-inner\" ><div class=\"swiper-slide-contents\"><div class=\"elementor-slide-heading\">Podium de jazz :<\/div><div class=\"elementor-slide-description\"><p>\"Tout en s'inspirant de la mani\u00e8re de jouer moderne d'un Herbie Hancock par exemple, Landsberger laisse toujours transpara\u00eetre quelque chose de son background musical et culturel \"manouche\" en tant que Sinto. Explosif et r\u00e9fl\u00e9chi\" !<\/p>\n<\/div><\/div><\/div><\/div><div class=\"elementor-repeater-item-b6d47f6 swiper-slide\" role=\"group\" aria-roledescription=\"slide\"><div class=\"swiper-slide-bg\"><\/div><div class=\"swiper-slide-inner\" ><div class=\"swiper-slide-contents\"><div class=\"elementor-slide-heading\">Larry Coryell :<\/div><div class=\"elementor-slide-description\"><p>\"Le jeu de Jermaine est superbe, il peut aller de pair avec le meilleur de sa g\u00e9n\u00e9ration, jouer avec des chops, avec de l'\u00e2me et toujours avec un \u0153il pour des id\u00e9es nouvelles et fra\u00eeches\".<\/p>\n<\/div><\/div><\/div><\/div><div class=\"elementor-repeater-item-581d0c1 swiper-slide\" role=\"group\" aria-roledescription=\"slide\"><div class=\"swiper-slide-bg\"><\/div><div class=\"swiper-slide-inner\" ><div class=\"swiper-slide-contents\"><div class=\"elementor-slide-heading\">Le Donaukurier :<\/div><div class=\"elementor-slide-description\"><p>\"Jermaine Landsberger Trio, un triangle magique\"<\/p>\n<\/div><\/div><\/div><\/div><div class=\"elementor-repeater-item-58f9199 swiper-slide\" role=\"group\" aria-roledescription=\"slide\"><div class=\"swiper-slide-bg\"><\/div><div class=\"swiper-slide-inner\" ><div class=\"swiper-slide-contents\"><div class=\"elementor-slide-heading\">Aubagne Magazine, France :<\/div><div class=\"elementor-slide-description\"><p>\"l'un des pianistes de jazz les plus talentueux d'outre-Rhin\".<\/p>\n<\/div><\/div><\/div><\/div><div class=\"elementor-repeater-item-0a381cc swiper-slide\" role=\"group\" aria-roledescription=\"slide\"><div class=\"swiper-slide-bg\"><\/div><div class=\"swiper-slide-inner\" ><div class=\"swiper-slide-contents\"><div class=\"elementor-slide-heading\">Podium de jazz :<\/div><div class=\"elementor-slide-description\"><p>\"Jermaine Landsberger souligne avec cette performance sa position exceptionnelle de pianiste de jazz moderne sur la sc\u00e8ne manouche europ\u00e9enne\".<\/p>\n<\/div><\/div><\/div><\/div><div class=\"elementor-repeater-item-9b119e7 swiper-slide\" role=\"group\" aria-roledescription=\"slide\"><div class=\"swiper-slide-bg\"><\/div><div class=\"swiper-slide-inner\" ><div class=\"swiper-slide-contents\"><div class=\"elementor-slide-heading\">Augsburger Allgemeine :<\/div><div class=\"elementor-slide-description\"><p>\"...l'un des meilleurs joueurs d'orgue de la plan\u00e8te !\"<\/p>\n<\/div><\/div><\/div><\/div><div class=\"elementor-repeater-item-e8a1310 swiper-slide\" role=\"group\" aria-roledescription=\"slide\"><div class=\"swiper-slide-bg\"><\/div><div class=\"swiper-slide-inner\" ><div class=\"swiper-slide-contents\"><div class=\"elementor-slide-heading\">Mittelbayrische Zeitung :<\/div><div class=\"elementor-slide-description\"><p>\"Une nouvelle \u00e9toile au firmament du jazz\"<\/p>\n<\/div><\/div><\/div><\/div><div class=\"elementor-repeater-item-772fdf4 swiper-slide\" role=\"group\" aria-roledescription=\"slide\"><div class=\"swiper-slide-bg\"><\/div><div class=\"swiper-slide-inner\" ><div class=\"swiper-slide-contents\"><div class=\"elementor-slide-heading\">Miroir de la culture :<\/div><div class=\"elementor-slide-description\"><p>\"Sur la B3, Landsberger ouvre un nouveau monde d'expressions musicales\"<\/p>\n<\/div><\/div><\/div><\/div><div class=\"elementor-repeater-item-1a36403 swiper-slide\" role=\"group\" aria-roledescription=\"slide\"><div class=\"swiper-slide-bg\"><\/div><div class=\"swiper-slide-inner\" ><div class=\"swiper-slide-contents\"><div class=\"elementor-slide-heading\">M\u00fchldorfer Presse\/ Innsalzach24.de :<\/div><div class=\"elementor-slide-description\"><p>\"Statu quo du jazz manouche !\"<\/p>\n<\/div><\/div><\/div><\/div><div class=\"elementor-repeater-item-cb62b31 swiper-slide\" role=\"group\" aria-roledescription=\"slide\"><div class=\"swiper-slide-bg\"><\/div><div class=\"swiper-slide-inner\" ><div class=\"swiper-slide-contents\"><div class=\"elementor-slide-heading\">Le Monde \/ USA-Jazz magazine :<\/div><div class=\"elementor-slide-description\"><p>\"Le joueur de B-3 allemand Jermaine Landsberger a apport\u00e9 une nouvelle fra\u00eecheur \u00e0 l'orgue de jazz\".<\/p>\n<\/div><\/div><\/div><\/div><div class=\"elementor-repeater-item-c91f2eb swiper-slide\" role=\"group\" aria-roledescription=\"slide\"><div class=\"swiper-slide-bg\"><\/div><div class=\"swiper-slide-inner\" ><div class=\"swiper-slide-contents\"><div class=\"elementor-slide-heading\">Straight no chaser a jazz show \/ USA :<\/div><div class=\"elementor-slide-description\"><p>\"Landsberger a prouv\u00e9 qu'il \u00e9tait pr\u00eat \u00e0 \u00eatre couronn\u00e9 h\u00e9ros Hammond\".<\/p>\n<\/div><\/div><\/div><\/div>\t\t\t\t<\/div>\n\t\t\t\t\t\t\t\t\t\t\t\t\t\t\t<div class=\"elementor-swiper-button elementor-swiper-button-prev\" role=\"button\" tabindex=\"0\" aria-label=\"Diapositive pr\u00e9c\u00e9dente\">\n\t\t\t\t\t\t\t<i aria-hidden=\"true\" class=\"eicon-chevron-left\"><\/i>\t\t\t\t\t\t<\/div>\n\t\t\t\t\t\t<div class=\"elementor-swiper-button elementor-swiper-button-next\" role=\"button\" tabindex=\"0\" aria-label=\"Diapositive suivante\">\n\t\t\t\t\t\t\t<i aria-hidden=\"true\" class=\"eicon-chevron-right\"><\/i>\t\t\t\t\t\t<\/div>\n\t\t\t\t\t\t\t\t\t\t\t\t\t\t\t\t<div class=\"swiper-pagination\"><\/div>\n\t\t\t\t\t\t\t\t\t\t\t\t<\/div>\n\t\t\t\t<\/div>\n\t\t\t\t\t\t\t\t<\/div>\n\t\t\t\t<\/div>\n\t\t\t\t<\/div>\n\t\t\t\t<\/div>\n\t\t<div class=\"elementor-element elementor-element-6f31cfc e-con-full e-flex e-con e-parent\" data-id=\"6f31cfc\" data-element_type=\"container\" data-e-type=\"container\" data-settings=\"{&quot;jet_parallax_layout_list&quot;:[],&quot;background_background&quot;:&quot;classic&quot;}\">\n\t\t<div class=\"elementor-element elementor-element-65ec4a6 e-con-full e-flex e-con e-child\" data-id=\"65ec4a6\" data-element_type=\"container\" data-e-type=\"container\" data-settings=\"{&quot;jet_parallax_layout_list&quot;:[]}\">\n\t\t\t\t<div class=\"elementor-element elementor-element-8ba2b3a elementor-widget__width-inherit elementor-widget elementor-widget-heading\" data-id=\"8ba2b3a\" data-element_type=\"widget\" data-e-type=\"widget\" data-widget_type=\"heading.default\">\n\t\t\t\t<div class=\"elementor-widget-container\">\n\t\t\t\t\t<h2 class=\"elementor-heading-title elementor-size-default\">Biographie<\/h2>\t\t\t\t<\/div>\n\t\t\t\t<\/div>\n\t\t\t\t<div class=\"elementor-element elementor-element-2ea33ce elementor-widget elementor-widget-text-editor\" data-id=\"2ea33ce\" data-element_type=\"widget\" data-e-type=\"widget\" data-widget_type=\"text-editor.default\">\n\t\t\t\t<div class=\"elementor-widget-container\">\n\t\t\t\t\t\t\t\t\t<p>Jermaine Landsberger, n\u00e9 en 1973 dans le sud de l&rsquo;Allemagne, est issu d&rsquo;une famille sinti tr\u00e8s attach\u00e9e \u00e0 la musique et a grandi en \u00e9coutant la musique du l\u00e9gendaire Django Reinhardt. Mais contrairement \u00e0 Reinhardt, Landsberger a opt\u00e9 pour le piano dans le choix de son instrument. Il a d&rsquo;abord jou\u00e9 dans diff\u00e9rents ensembles manouches, mais s&rsquo;est rapidement int\u00e9ress\u00e9 de plus en plus au jazz am\u00e9ricain.<br>En 1996, il fonde son trio de piano, avec lequel il enregistre son premier album en 1997. Peu de temps apr\u00e8s, il a enregistr\u00e9 l&rsquo;album \u00ab\u00a0Gipsy Feeling\u00a0\u00bb avec Bireli Lagrene, puis, en 2002, un album en tant que sideman de la formation \u00ab\u00a0Gypsy Journey\u00a0\u00bb du guitariste \u00e9cossais Martin Taylor, avec lequel il a donn\u00e9 de nombreux concerts en Angleterre, en \u00c9cosse, en Irlande, en Espagne et en Allemagne au cours des ann\u00e9es suivantes.<br>Outre le piano, Landsberger ma\u00eetrise \u00e9galement l&rsquo;orgue Hammond B3 avec virtuosit\u00e9. C&rsquo;est ainsi qu&rsquo;il a fond\u00e9 en 2006 le trio \u00ab\u00a0Hammond Eggs\u00a0\u00bb.<\/p>\n<p>En 2009, George Klabin, pr\u00e9sident de \u00ab\u00a0Resonance Records\u00a0\u00bb, a remarqu\u00e9 Jermaine et a produit son premier album am\u00e9ricain \u00ab\u00a0Gettin Blazed\u00a0\u00bb \u00e0 Beverly Hills avec un casting all-star am\u00e9ricain : Pat Martino, Harvey Mason, James Genus, entre autres. Avec ce disque, Landsberger a \u00e9galement fait fureur aux \u00c9tats-Unis. \u00ab\u00a0Gettin Blazed\u00a0\u00bb a \u00e9t\u00e9 class\u00e9 pendant huit semaines dans le top 10 du \u00ab\u00a0Radio Jazzcharts Jazzweek\u00a0\u00bb.<\/p>\n<p>Sous le titre \u00ab\u00a0Back in the Pan\u00a0\u00bb, Landsberger et ses partenaires Paulo Morello et Christoph Huber ont publi\u00e9 en 2013 le deuxi\u00e8me album \u00ab\u00a0Hammond Eggs\u00a0\u00bb avec Randy Brecker, Bob Mintzer et Tony Lakatos. Le guitariste Larry Coryell, qui a \u00e9crit les \u00ab\u00a0notes de pochette\u00a0\u00bb de cet album, a \u00e9t\u00e9 tellement impressionn\u00e9 par le jeu de Jermaine qu&rsquo;il a form\u00e9 un trio guitare-orgue classique avec Landsberger. Il s&rsquo;en est suivi des tourn\u00e9es communes \u00e9tendues et couronn\u00e9es de succ\u00e8s.<\/p>\n<p>En 2014, Landsberger a \u00e9t\u00e9 invit\u00e9 \u00e0 Hambourg pour la production d&rsquo;un CD de Giovanni Weiss et de son groupe \u00ab\u00a0Django Deluxe &amp; NDR Bigband\u00a0\u00bb. En 2017, Landsberger a particip\u00e9 en tant que pianiste et co-producteur et arrangeur \u00e0 l&rsquo;enregistrement de \u00ab\u00a0Souvenir de Paris\u00a0\u00bb, l&rsquo;album de l&rsquo;\u00e9toile montante du violon Sandro Roy. Derni\u00e8rement, l&rsquo;album commun \u00ab\u00a0Gypsy Today\u00a0\u00bb de Stochelo Rosenberg et Jermaine Landsberger est sorti en 2020.<\/p>\n<p>Aujourd&rsquo;hui, Jermaine Landsberger est un citoyen du monde musical et se produit sur des sc\u00e8nes internationales. Ses interpr\u00e9tations sont marqu\u00e9es par un \u00e9norme plaisir de jouer et une grande intensit\u00e9. Gr\u00e2ce \u00e0 ses \u00e9chapp\u00e9es hors de la tradition, \u00e0 son jeu de piano puissant et m\u00e9lodique, il s&rsquo;est \u00e9tabli depuis longtemps comme un pianiste qui marque le style de la sc\u00e8ne manouche europ\u00e9enne.<\/p>\n<p>L&rsquo;album actuel de Landsberger, \u00ab\u00a0With Heart And Soul\u00a0\u00bb, avec le batteur new-yorkais Donald Edwards et le bassiste de Philadelphie Daryll Hall, est sorti en novembre 2022.<\/p>\n<p><\/p>\t\t\t\t\t\t\t\t<\/div>\n\t\t\t\t<\/div>\n\t\t\t\t<\/div>\n\t\t<div class=\"elementor-element elementor-element-83da3fb e-con-full e-flex e-con e-child\" data-id=\"83da3fb\" data-element_type=\"container\" data-e-type=\"container\" data-settings=\"{&quot;jet_parallax_layout_list&quot;:[]}\">\n\t\t\t\t<div class=\"elementor-element elementor-element-7c32830 elementor-widget__width-inherit elementor-widget elementor-widget-heading\" data-id=\"7c32830\" data-element_type=\"widget\" data-e-type=\"widget\" data-widget_type=\"heading.default\">\n\t\t\t\t<div class=\"elementor-widget-container\">\n\t\t\t\t\t<h2 class=\"elementor-heading-title elementor-size-default\">Cr\u00e9dits<\/h2>\t\t\t\t<\/div>\n\t\t\t\t<\/div>\n\t\t\t\t<div class=\"elementor-element elementor-element-9ef732c elementor-widget elementor-widget-text-editor\" data-id=\"9ef732c\" data-element_type=\"widget\" data-e-type=\"widget\" data-widget_type=\"text-editor.default\">\n\t\t\t\t<div class=\"elementor-widget-container\">\n\t\t\t\t\t\t\t\t\t<p>Bob Mintzer, Randy Brecker, Pat Martino, Larry Coryell, Harvey Mason, Billy Cobham, Dennis Chambers, James Genus, Gregory Hutchinson, Orlando Le Fleming, Donald Edwards, Dominique Di Piazza, Bireli Lagrene, Didier Lockwood, Andre Ceccarelli, Darryl Hall, Martin Taylor, Stochelo Rosenberg, Jim Mullen, Rick Margitza, Gary Meek, Gabor Bolla, Roby Lakatos, Tony Lakatos, The Rosenberg Trio, Andreas Oberg, Roland Balogh, Florin Niculescu, Giovanni Weiss, Django Deluxe &amp; NDR-Big Band, Wedeli K\u00f6hler, Kosta Lukacs, Sandro Roy, Marcel Loeffler, Wolfgang Haffner, Helmut Kagerer, Zipflo Reinhardt, Aladar Pege, Wawau Adler, Gismo Graf Trio, Viviane De Farias, Cathy Rocco et bien d&rsquo;autres.<\/p>\n\t\t\t\t\t\t\t\t<\/div>\n\t\t\t\t<\/div>\n\t\t\t\t<\/div>\n\t\t\t\t<\/div>\n\t\t<div class=\"elementor-element elementor-element-393a7f4 e-flex e-con-boxed e-con e-parent\" data-id=\"393a7f4\" data-element_type=\"container\" data-e-type=\"container\" data-settings=\"{&quot;jet_parallax_layout_list&quot;:[]}\">\n\t\t\t\t\t<div class=\"e-con-inner\">\n\t\t\t\t\t<\/div>\n\t\t\t\t<\/div>\n\t\t\t\t<\/div>\n\t\t","protected":false},"excerpt":{"rendered":"<p>\u00c0 propos de Mindener Tageblatt: \u00ab\u00a0Jermaine Landsberger balaie les touches avec une dext\u00e9rit\u00e9 \u00e9poustouflante et une grande expressivit\u00e9, plongeant le public dans la liesse\u00a0\u00bb. Pat Martino : \u00ab\u00a0Dans l&rsquo;\u00e9volution de n&rsquo;importe quel instrument, il n&rsquo;y a qu&rsquo;une poign\u00e9e de personnes qui sont vraiment innovantes. Ce type est l&rsquo;un d&rsquo;entre eux. Jermaine Landsberger est un artiste [&hellip;]<\/p>\n","protected":false},"author":1,"featured_media":0,"parent":0,"menu_order":0,"comment_status":"closed","ping_status":"closed","template":"elementor_header_footer","meta":{"footnotes":""},"class_list":["post-3165","page","type-page","status-publish","hentry"],"_links":{"self":[{"href":"https:\/\/jermainelandsberger.com\/fr\/wp-json\/wp\/v2\/pages\/3165","targetHints":{"allow":["GET"]}}],"collection":[{"href":"https:\/\/jermainelandsberger.com\/fr\/wp-json\/wp\/v2\/pages"}],"about":[{"href":"https:\/\/jermainelandsberger.com\/fr\/wp-json\/wp\/v2\/types\/page"}],"author":[{"embeddable":true,"href":"https:\/\/jermainelandsberger.com\/fr\/wp-json\/wp\/v2\/users\/1"}],"replies":[{"embeddable":true,"href":"https:\/\/jermainelandsberger.com\/fr\/wp-json\/wp\/v2\/comments?post=3165"}],"version-history":[{"count":13,"href":"https:\/\/jermainelandsberger.com\/fr\/wp-json\/wp\/v2\/pages\/3165\/revisions"}],"predecessor-version":[{"id":3445,"href":"https:\/\/jermainelandsberger.com\/fr\/wp-json\/wp\/v2\/pages\/3165\/revisions\/3445"}],"wp:attachment":[{"href":"https:\/\/jermainelandsberger.com\/fr\/wp-json\/wp\/v2\/media?parent=3165"}],"curies":[{"name":"wp","href":"https:\/\/api.w.org\/{rel}","templated":true}]}}