{"id":3174,"date":"2022-10-18T18:22:49","date_gmt":"2022-10-18T16:22:49","guid":{"rendered":"https:\/\/jermainelandsberger.com\/music\/"},"modified":"2025-04-28T11:29:09","modified_gmt":"2025-04-28T09:29:09","slug":"music","status":"publish","type":"page","link":"https:\/\/jermainelandsberger.com\/fr\/music\/","title":{"rendered":"MUSIC"},"content":{"rendered":"\t\t<div data-elementor-type=\"wp-page\" data-elementor-id=\"3174\" class=\"elementor elementor-3174 elementor-1474\" data-elementor-post-type=\"page\">\n\t\t\t\t<div class=\"elementor-element elementor-element-4d98d87 e-flex e-con-boxed e-con e-parent\" data-id=\"4d98d87\" data-element_type=\"container\" data-e-type=\"container\" data-settings=\"{&quot;jet_parallax_layout_list&quot;:[]}\">\n\t\t\t\t\t<div class=\"e-con-inner\">\n\t\t<div class=\"elementor-element elementor-element-6542c0b e-con-full e-flex e-con e-child\" data-id=\"6542c0b\" data-element_type=\"container\" data-e-type=\"container\" data-settings=\"{&quot;jet_parallax_layout_list&quot;:[]}\">\n\t\t\t\t<div class=\"elementor-element elementor-element-3d0a062 elementor-widget elementor-widget-heading\" data-id=\"3d0a062\" data-element_type=\"widget\" data-e-type=\"widget\" data-widget_type=\"heading.default\">\n\t\t\t\t<div class=\"elementor-widget-container\">\n\t\t\t\t\t<h2 class=\"elementor-heading-title elementor-size-default\">Musique<\/h2>\t\t\t\t<\/div>\n\t\t\t\t<\/div>\n\t\t\t\t<\/div>\n\t\t\t\t\t<\/div>\n\t\t\t\t<\/div>\n\t\t<div class=\"elementor-element elementor-element-0cab7c7 e-flex e-con-boxed e-con e-parent\" data-id=\"0cab7c7\" data-element_type=\"container\" data-e-type=\"container\" data-settings=\"{&quot;jet_parallax_layout_list&quot;:[]}\">\n\t\t\t\t\t<div class=\"e-con-inner\">\n\t\t<div class=\"elementor-element elementor-element-f6e86ff e-con-full e-flex e-con e-child\" data-id=\"f6e86ff\" data-element_type=\"container\" data-e-type=\"container\" data-settings=\"{&quot;jet_parallax_layout_list&quot;:[]}\">\n\t\t\t\t<div class=\"elementor-element elementor-element-07925df elementor-widget elementor-widget-image\" data-id=\"07925df\" data-element_type=\"widget\" data-e-type=\"widget\" data-widget_type=\"image.default\">\n\t\t\t\t<div class=\"elementor-widget-container\">\n\t\t\t\t\t\t\t\t\t\t\t\t<figure class=\"wp-caption\">\n\t\t\t\t\t\t\t\t\t\t\t<a href=\"https:\/\/www.arte.tv\/de\/videos\/111285-002-A\/stochelo-rosenberg\/\">\n\t\t\t\t\t\t\t<img decoding=\"async\" src=\"https:\/\/jermainelandsberger.com\/wp-content\/uploads\/elementor\/thumbs\/he-rb-2025-cover-1-r50x592so6riyqydr0dqi1ge91zs2pa2o81vycnyqo.png\" title=\"he-rb-2025-cover\" alt=\"he-rb-2025-cover\" loading=\"lazy\" \/>\t\t\t\t\t\t\t\t<\/a>\n\t\t\t\t\t\t\t\t\t\t\t<figcaption class=\"widget-image-caption wp-caption-text\"><\/figcaption>\n\t\t\t\t\t\t\t\t\t\t<\/figure>\n\t\t\t\t\t\t\t\t\t<\/div>\n\t\t\t\t<\/div>\n\t\t\t\t<\/div>\n\t\t<div class=\"elementor-element elementor-element-540b234 e-con-full e-flex e-con e-child\" data-id=\"540b234\" data-element_type=\"container\" data-e-type=\"container\" data-settings=\"{&quot;jet_parallax_layout_list&quot;:[]}\">\n\t\t\t\t<div class=\"elementor-element elementor-element-827133a elementor-widget elementor-widget-text-editor\" data-id=\"827133a\" data-element_type=\"widget\" data-e-type=\"widget\" data-widget_type=\"text-editor.default\">\n\t\t\t\t<div class=\"elementor-widget-container\">\n\t\t\t\t\t\t\t\t\t<h3><span style=\"color: inherit; font-family: inherit; font-size: 1.75rem;\">25.04.2025<br \/>Meets Randy Brecker<\/span><\/h3>\n<p>Jermaine Landsberger, b3 &amp; piano<br \/>Paulo Morello, guitar<br \/>Christoph Huber, drums<br \/>Randy Brecker, trumpet<br \/>Dudu Penz, bass<br \/>Kim Barth, alto sax<\/p>\n<p>Source d&rsquo;approvisionnement : <u><a href=\"https:\/\/save-it.cc\/inoutrecords\/hammond-eggs-meets-randy-brecker\">IN+OUT Records<\/a><\/u><\/p>\n<p>___________________________________________<\/p>\n\t\t\t\t\t\t\t\t<\/div>\n\t\t\t\t<\/div>\n\t\t\t\t<\/div>\n\t\t\t\t\t<\/div>\n\t\t\t\t<\/div>\n\t\t<div class=\"elementor-element elementor-element-1328c15 e-flex e-con-boxed e-con e-parent\" data-id=\"1328c15\" data-element_type=\"container\" data-e-type=\"container\" data-settings=\"{&quot;jet_parallax_layout_list&quot;:[]}\">\n\t\t\t\t\t<div class=\"e-con-inner\">\n\t\t<div class=\"elementor-element elementor-element-e4f01e2 e-con-full e-flex e-con e-child\" data-id=\"e4f01e2\" data-element_type=\"container\" data-e-type=\"container\" data-settings=\"{&quot;jet_parallax_layout_list&quot;:[]}\">\n\t\t\t\t<div class=\"elementor-element elementor-element-b87d249 elementor-widget elementor-widget-image\" data-id=\"b87d249\" data-element_type=\"widget\" data-e-type=\"widget\" data-widget_type=\"image.default\">\n\t\t\t\t<div class=\"elementor-widget-container\">\n\t\t\t\t\t\t\t\t\t\t\t\t<figure class=\"wp-caption\">\n\t\t\t\t\t\t\t\t\t\t\t<a href=\"https:\/\/www.arte.tv\/de\/videos\/111285-002-A\/stochelo-rosenberg\/\">\n\t\t\t\t\t\t\t<img decoding=\"async\" src=\"https:\/\/jermainelandsberger.com\/wp-content\/uploads\/elementor\/thumbs\/EC615_Cover-3000x3000-1-scaled-pw7spwi152wqverubhcr0its7filgl0nikifhh0s68.jpg\" title=\"EC615_Cover-3000&#215;3000\" alt=\"EC615_Cover-3000x3000\" loading=\"lazy\" \/>\t\t\t\t\t\t\t\t<\/a>\n\t\t\t\t\t\t\t\t\t\t\t<figcaption class=\"widget-image-caption wp-caption-text\"><\/figcaption>\n\t\t\t\t\t\t\t\t\t\t<\/figure>\n\t\t\t\t\t\t\t\t\t<\/div>\n\t\t\t\t<\/div>\n\t\t\t\t<\/div>\n\t\t<div class=\"elementor-element elementor-element-44ef2e3 e-con-full e-flex e-con e-child\" data-id=\"44ef2e3\" data-element_type=\"container\" data-e-type=\"container\" data-settings=\"{&quot;jet_parallax_layout_list&quot;:[]}\">\n\t\t\t\t<div class=\"elementor-element elementor-element-f956160 elementor-widget elementor-widget-text-editor\" data-id=\"f956160\" data-element_type=\"widget\" data-e-type=\"widget\" data-widget_type=\"text-editor.default\">\n\t\t\t\t<div class=\"elementor-widget-container\">\n\t\t\t\t\t\t\t\t\t<h3><span style=\"color: inherit; font-family: inherit; font-size: 1.75rem;\">11.11.2022<br \/>With Heart And Soul (avec le c\u0153ur et l&rsquo;\u00e2me)<\/span><\/h3>\n<p>Jermaine Landsberger, piano<br \/>Darryl Hall, basse<br \/>Donald Edwards, batterie<br \/>Marcel Loeffler, accord\u00e9on<br \/>Tony Lakatos, saxophone<br \/>Axel Schlosser, trompette<\/p>\n<p>Source d&rsquo;approvisionnement : <u><a href=\"https:\/\/glmmusic.de\/WithHeartandSoulWE\">GLM Music<\/a><\/u><\/p>\n<p>___________________________________________<\/p>\n\t\t\t\t\t\t\t\t<\/div>\n\t\t\t\t<\/div>\n\t\t\t\t<\/div>\n\t\t\t\t\t<\/div>\n\t\t\t\t<\/div>\n\t\t<div class=\"elementor-element elementor-element-7c07758 e-flex e-con-boxed e-con e-parent\" data-id=\"7c07758\" data-element_type=\"container\" data-e-type=\"container\" data-settings=\"{&quot;jet_parallax_layout_list&quot;:[]}\">\n\t\t\t\t\t<div class=\"e-con-inner\">\n\t\t<div class=\"elementor-element elementor-element-cd50ca4 e-con-full e-flex e-con e-child\" data-id=\"cd50ca4\" data-element_type=\"container\" data-e-type=\"container\" data-settings=\"{&quot;jet_parallax_layout_list&quot;:[]}\">\n\t\t\t\t<div class=\"elementor-element elementor-element-c8a5c8f elementor-widget elementor-widget-image\" data-id=\"c8a5c8f\" data-element_type=\"widget\" data-e-type=\"widget\" data-widget_type=\"image.default\">\n\t\t\t\t<div class=\"elementor-widget-container\">\n\t\t\t\t\t\t\t\t\t\t\t\t<figure class=\"wp-caption\">\n\t\t\t\t\t\t\t\t\t\t\t<a href=\"https:\/\/www.arte.tv\/de\/videos\/111285-002-A\/stochelo-rosenberg\/\">\n\t\t\t\t\t\t\t<img decoding=\"async\" src=\"https:\/\/jermainelandsberger.com\/wp-content\/uploads\/elementor\/thumbs\/Gypsy-Today-Cover--pwgwsileg6qz8v74moniq5luoei6c0c3bohh91b1y8.jpg\" title=\"Gypsy Today Cover\" alt=\"Gypsy Today Cover\" loading=\"lazy\" \/>\t\t\t\t\t\t\t\t<\/a>\n\t\t\t\t\t\t\t\t\t\t\t<figcaption class=\"widget-image-caption wp-caption-text\"><\/figcaption>\n\t\t\t\t\t\t\t\t\t\t<\/figure>\n\t\t\t\t\t\t\t\t\t<\/div>\n\t\t\t\t<\/div>\n\t\t\t\t<\/div>\n\t\t<div class=\"elementor-element elementor-element-8cde9f1 e-con-full e-flex e-con e-child\" data-id=\"8cde9f1\" data-element_type=\"container\" data-e-type=\"container\" data-settings=\"{&quot;jet_parallax_layout_list&quot;:[]}\">\n\t\t\t\t<div class=\"elementor-element elementor-element-cb96e91 elementor-widget elementor-widget-text-editor\" data-id=\"cb96e91\" data-element_type=\"widget\" data-e-type=\"widget\" data-widget_type=\"text-editor.default\">\n\t\t\t\t<div class=\"elementor-widget-container\">\n\t\t\t\t\t\t\t\t\t<h3><span style=\"color: inherit; font-family: inherit; font-size: 1.75rem;\">2020 : Gypsy Today<\/span><\/h3>\n<p>Stochelo Rosenberg, guitare<br \/>Jermaine Landsberger, piano<br \/>Didier Lockwood, violon<br \/>Joel Locher, basse<br \/>Darryl Hall, basse<br \/>Andr\u00e9 Ceccarelli, batterie<br \/>Sebastiaan de Krom, batterie<\/p>\n<p>Source d&rsquo;approvisionnement : <u><a href=\"https:\/\/glmmusic.de\/GypsyTodayWE\">GLM Music<\/a><\/u><\/p>\n<p>___________________________________________<\/p>\n\t\t\t\t\t\t\t\t<\/div>\n\t\t\t\t<\/div>\n\t\t\t\t<\/div>\n\t\t\t\t\t<\/div>\n\t\t\t\t<\/div>\n\t\t<div class=\"elementor-element elementor-element-2a08fd3 e-flex e-con-boxed e-con e-parent\" data-id=\"2a08fd3\" data-element_type=\"container\" data-e-type=\"container\" data-settings=\"{&quot;jet_parallax_layout_list&quot;:[]}\">\n\t\t\t\t\t<div class=\"e-con-inner\">\n\t\t<div class=\"elementor-element elementor-element-4bd1f6f e-con-full e-flex e-con e-child\" data-id=\"4bd1f6f\" data-element_type=\"container\" data-e-type=\"container\" data-settings=\"{&quot;jet_parallax_layout_list&quot;:[]}\">\n\t\t\t\t<div class=\"elementor-element elementor-element-5410a46 elementor-widget elementor-widget-image\" data-id=\"5410a46\" data-element_type=\"widget\" data-e-type=\"widget\" data-widget_type=\"image.default\">\n\t\t\t\t<div class=\"elementor-widget-container\">\n\t\t\t\t\t\t\t\t\t\t\t\t<figure class=\"wp-caption\">\n\t\t\t\t\t\t\t\t\t\t\t<a href=\"https:\/\/www.arte.tv\/de\/videos\/111285-002-A\/stochelo-rosenberg\/\">\n\t\t\t\t\t\t\t<img decoding=\"async\" src=\"https:\/\/jermainelandsberger.com\/wp-content\/uploads\/elementor\/thumbs\/Back-in-the-Pan-Cover-pwgx9n7izi72t2bgm36s5u08d62ylgc0cgg02jwskg.jpg\" title=\"Back in the Pan Cover\" alt=\"Back in the Pan Cover\" loading=\"lazy\" \/>\t\t\t\t\t\t\t\t<\/a>\n\t\t\t\t\t\t\t\t\t\t\t<figcaption class=\"widget-image-caption wp-caption-text\"><\/figcaption>\n\t\t\t\t\t\t\t\t\t\t<\/figure>\n\t\t\t\t\t\t\t\t\t<\/div>\n\t\t\t\t<\/div>\n\t\t\t\t<\/div>\n\t\t<div class=\"elementor-element elementor-element-8580113 e-con-full e-flex e-con e-child\" data-id=\"8580113\" data-element_type=\"container\" data-e-type=\"container\" data-settings=\"{&quot;jet_parallax_layout_list&quot;:[]}\">\n\t\t\t\t<div class=\"elementor-element elementor-element-5ae8211 elementor-widget elementor-widget-text-editor\" data-id=\"5ae8211\" data-element_type=\"widget\" data-e-type=\"widget\" data-widget_type=\"text-editor.default\">\n\t\t\t\t<div class=\"elementor-widget-container\">\n\t\t\t\t\t\t\t\t\t<h3><span style=\"color: inherit; font-family: inherit; font-size: 1.75rem;\">2013 : Back In The Pan<\/span><\/h3>\n<p>Jermaine Landsberger, b3 &amp; piano<br \/>Paulo Morello, guitar<br \/>Christoph Huber, drums<br \/>Randy Brecker, trumpet<br \/>Bob Mintzer, saxophone<br \/>Axel Schlosser, saxophone<\/p>\n<p>Source d&rsquo;approvisionnement : <a href=\"https:\/\/www.amazon.de\/music\/player\/albums\/B01JKVY5BO?ref=sr_1_2&amp;s=dmusic&amp;__mk_de_DE=%C3%85M%C3%85%C5%BD%C3%95%C3%91&amp;keywords=back+in+the+pan&amp;crid=XY752XK0YEVW&amp;sprefix=back+in+the+pan+%2Cdigital-music%2C131&amp;qid=1665874814&amp;sr=1-2\" target=\"_blank\" rel=\"noopener\"><br \/>\n  <u>Amazon<\/u><br \/>\n<\/a><\/p>\n<p>___________________________________________<\/p>\n\t\t\t\t\t\t\t\t<\/div>\n\t\t\t\t<\/div>\n\t\t\t\t<\/div>\n\t\t\t\t\t<\/div>\n\t\t\t\t<\/div>\n\t\t<div class=\"elementor-element elementor-element-74ab1d5 e-flex e-con-boxed e-con e-parent\" data-id=\"74ab1d5\" data-element_type=\"container\" data-e-type=\"container\" data-settings=\"{&quot;jet_parallax_layout_list&quot;:[]}\">\n\t\t\t\t\t<div class=\"e-con-inner\">\n\t\t<div class=\"elementor-element elementor-element-6861db4 e-con-full e-flex e-con e-child\" data-id=\"6861db4\" data-element_type=\"container\" data-e-type=\"container\" data-settings=\"{&quot;jet_parallax_layout_list&quot;:[]}\">\n\t\t\t\t<div class=\"elementor-element elementor-element-66b456f elementor-widget elementor-widget-image\" data-id=\"66b456f\" data-element_type=\"widget\" data-e-type=\"widget\" data-widget_type=\"image.default\">\n\t\t\t\t<div class=\"elementor-widget-container\">\n\t\t\t\t\t\t\t\t\t\t\t\t<figure class=\"wp-caption\">\n\t\t\t\t\t\t\t\t\t\t\t<a href=\"https:\/\/www.arte.tv\/de\/videos\/111285-002-A\/stochelo-rosenberg\/\">\n\t\t\t\t\t\t\t<img decoding=\"async\" src=\"https:\/\/jermainelandsberger.com\/wp-content\/uploads\/elementor\/thumbs\/Gettin-Blazed-Cover-pwgwsxmthjbkemla6v5ju1t86kg1r5zspqx8xgor6o.jpg\" title=\"&lsquo; Blazed Cover\" alt=\"&#039; Blazed Cover\" loading=\"lazy\" \/>\t\t\t\t\t\t\t\t<\/a>\n\t\t\t\t\t\t\t\t\t\t\t<figcaption class=\"widget-image-caption wp-caption-text\"><\/figcaption>\n\t\t\t\t\t\t\t\t\t\t<\/figure>\n\t\t\t\t\t\t\t\t\t<\/div>\n\t\t\t\t<\/div>\n\t\t\t\t<\/div>\n\t\t<div class=\"elementor-element elementor-element-f91375e e-con-full e-flex e-con e-child\" data-id=\"f91375e\" data-element_type=\"container\" data-e-type=\"container\" data-settings=\"{&quot;jet_parallax_layout_list&quot;:[]}\">\n\t\t\t\t<div class=\"elementor-element elementor-element-b6e59e5 elementor-widget elementor-widget-text-editor\" data-id=\"b6e59e5\" data-element_type=\"widget\" data-e-type=\"widget\" data-widget_type=\"text-editor.default\">\n\t\t\t\t<div class=\"elementor-widget-container\">\n\t\t\t\t\t\t\t\t\t<h3><span style=\"color: inherit; font-family: inherit; font-size: 1.75rem;\">2009 : Gettin&rsquo; Blazed<\/span><\/h3>\n<p>Jermaine Landsberger, piano<br \/>Pat Martino, guitare<br \/>Harvey Mason, batterie<br \/>James Genus, basse<br \/>Andreas \u00d6berg, guitare<br \/>Gary Meek, saxophone<\/p>\n<p>Source d&rsquo;approvisionnement : <span style=\"text-decoration: underline;\"><a href=\"https:\/\/www.amazon.de\/music\/player\/albums\/B00M0ZQA5C?ref=sr_1_1&amp;__mk_de_DE=%C3%85M%C3%85%C5%BD%C3%95%C3%91&amp;keywords=gettin+blazed+jermaine&amp;crid=2UDYI3GXRWT4E&amp;sprefix=gettin+blazed+jermaine%2Caps%2C120&amp;qid=1665874375&amp;sr=8-1&amp;qu=eyJxc2MiOiIwLjk1IiwicXNhIjoiMC4wMCIsInFzcCI6IjAuMDAifQ%3D%3D\">Amazon<\/a><\/p>\n<p><\/span><\/p>\n<p>___________________________________________<\/p>\n\t\t\t\t\t\t\t\t<\/div>\n\t\t\t\t<\/div>\n\t\t\t\t<\/div>\n\t\t\t\t\t<\/div>\n\t\t\t\t<\/div>\n\t\t<div class=\"elementor-element elementor-element-abaf149 e-flex e-con-boxed e-con e-parent\" data-id=\"abaf149\" data-element_type=\"container\" data-e-type=\"container\" data-settings=\"{&quot;jet_parallax_layout_list&quot;:[]}\">\n\t\t\t\t\t<div class=\"e-con-inner\">\n\t\t<div class=\"elementor-element elementor-element-bcf597b e-con-full e-flex e-con e-child\" data-id=\"bcf597b\" data-element_type=\"container\" data-e-type=\"container\" data-settings=\"{&quot;jet_parallax_layout_list&quot;:[]}\">\n\t\t\t\t<div class=\"elementor-element elementor-element-624e94e elementor-widget elementor-widget-image\" data-id=\"624e94e\" data-element_type=\"widget\" data-e-type=\"widget\" data-widget_type=\"image.default\">\n\t\t\t\t<div class=\"elementor-widget-container\">\n\t\t\t\t\t\t\t\t\t\t\t\t<figure class=\"wp-caption\">\n\t\t\t\t\t\t\t\t\t\t\t<a href=\"https:\/\/www.arte.tv\/de\/videos\/111285-002-A\/stochelo-rosenberg\/\">\n\t\t\t\t\t\t\t<img decoding=\"async\" src=\"https:\/\/jermainelandsberger.com\/wp-content\/uploads\/elementor\/thumbs\/Hammond-Eggs-Cover-pwgwszihv7e51uijvvysz1c5dc6s6k79e087w0lyu8.jpg\" title=\"Hammond Eggs Cover\" alt=\"Hammond Eggs Cover\" loading=\"lazy\" \/>\t\t\t\t\t\t\t\t<\/a>\n\t\t\t\t\t\t\t\t\t\t\t<figcaption class=\"widget-image-caption wp-caption-text\"><\/figcaption>\n\t\t\t\t\t\t\t\t\t\t<\/figure>\n\t\t\t\t\t\t\t\t\t<\/div>\n\t\t\t\t<\/div>\n\t\t\t\t<\/div>\n\t\t<div class=\"elementor-element elementor-element-017b79b e-con-full e-flex e-con e-child\" data-id=\"017b79b\" data-element_type=\"container\" data-e-type=\"container\" data-settings=\"{&quot;jet_parallax_layout_list&quot;:[]}\">\n\t\t\t\t<div class=\"elementor-element elementor-element-8bc189d elementor-widget elementor-widget-text-editor\" data-id=\"8bc189d\" data-element_type=\"widget\" data-e-type=\"widget\" data-widget_type=\"text-editor.default\">\n\t\t\t\t<div class=\"elementor-widget-container\">\n\t\t\t\t\t\t\t\t\t<h3><span style=\"color: inherit; font-family: inherit; font-size: 1.75rem;\">2007 : Hammond Eggs<\/span><\/h3>\n<p>Jermaine Landsberger, hammond b3<br \/>Paulo Morello, guitar<br \/>Dejan Terzi\u0107, drums<br \/>Peter Weniger, saxophone<\/p>\n<p>Source d&rsquo;approvisionnement : <a style=\"background-color: #000000;\" href=\"https:\/\/www.amazon.de\/music\/player\/albums\/B01N6AT3XM?ref=sr_1_1&amp;s=dmusic&amp;__mk_de_DE=%C3%85M%C3%85%C5%BD%C3%95%C3%91&amp;keywords=hammond+eggs&amp;crid=1AB5C9JFQQ39B&amp;sprefix=hammond+eggs+%2Cdigital-music%2C124&amp;qid=1665874335&amp;sr=1-1\" target=\"_blank\" rel=\"noopener\"><br \/>\n  <u>Amazon<\/u><br \/>\n<\/a><\/p>\n<p>___________________________________________<\/p>\n\t\t\t\t\t\t\t\t<\/div>\n\t\t\t\t<\/div>\n\t\t\t\t<\/div>\n\t\t\t\t\t<\/div>\n\t\t\t\t<\/div>\n\t\t<div class=\"elementor-element elementor-element-f58d1ff e-flex e-con-boxed e-con e-parent\" data-id=\"f58d1ff\" data-element_type=\"container\" data-e-type=\"container\" data-settings=\"{&quot;jet_parallax_layout_list&quot;:[]}\">\n\t\t\t\t\t<div class=\"e-con-inner\">\n\t\t<div class=\"elementor-element elementor-element-a0fe6d1 e-con-full e-flex e-con e-child\" data-id=\"a0fe6d1\" data-element_type=\"container\" data-e-type=\"container\" data-settings=\"{&quot;jet_parallax_layout_list&quot;:[]}\">\n\t\t\t\t<div class=\"elementor-element elementor-element-a246a9e elementor-widget elementor-widget-image\" data-id=\"a246a9e\" data-element_type=\"widget\" data-e-type=\"widget\" data-widget_type=\"image.default\">\n\t\t\t\t<div class=\"elementor-widget-container\">\n\t\t\t\t\t\t\t\t\t\t\t\t<figure class=\"wp-caption\">\n\t\t\t\t\t\t\t\t\t\t\t<a href=\"https:\/\/www.arte.tv\/de\/videos\/111285-002-A\/stochelo-rosenberg\/\">\n\t\t\t\t\t\t\t<img decoding=\"async\" src=\"https:\/\/jermainelandsberger.com\/wp-content\/uploads\/elementor\/thumbs\/Gipsay-Feeling-Cover-e1666193579903-pwgwyd58z2r7hipah7ny8oh3qpoe87jysmm8r0mv8g.jpg\" title=\"Gipsy Feeling Cover\" alt=\"Gipsy Feeling Cover\" loading=\"lazy\" \/>\t\t\t\t\t\t\t\t<\/a>\n\t\t\t\t\t\t\t\t\t\t\t<figcaption class=\"widget-image-caption wp-caption-text\"><\/figcaption>\n\t\t\t\t\t\t\t\t\t\t<\/figure>\n\t\t\t\t\t\t\t\t\t<\/div>\n\t\t\t\t<\/div>\n\t\t\t\t<\/div>\n\t\t<div class=\"elementor-element elementor-element-f9c17ff e-con-full e-flex e-con e-child\" data-id=\"f9c17ff\" data-element_type=\"container\" data-e-type=\"container\" data-settings=\"{&quot;jet_parallax_layout_list&quot;:[]}\">\n\t\t\t\t<div class=\"elementor-element elementor-element-01e326b elementor-widget elementor-widget-text-editor\" data-id=\"01e326b\" data-element_type=\"widget\" data-e-type=\"widget\" data-widget_type=\"text-editor.default\">\n\t\t\t\t<div class=\"elementor-widget-container\">\n\t\t\t\t\t\t\t\t\t<h3><span style=\"color: inherit; font-family: inherit; font-size: 1.75rem;\">1999 : Gipsy Feeling<\/span><\/h3>\n<p>Jermaine Landsberger, piano<br>Bir\u00e9li Lagr\u00e8ne, guitare<br>Eugen Apostolidis, basse<br>Mathias Gmelin, batterie<\/p>\n<p>Source d&rsquo;approvisionnement :&nbsp;<u style=\"background-color: rgb(0, 0, 0);\">\n  <a href=\"https:\/\/glmmusic.de\/GipsyFeelingWE\">GLM Music<\/a>\n<\/u><\/p>\n<p>___________________________________________<\/p>\t\t\t\t\t\t\t\t<\/div>\n\t\t\t\t<\/div>\n\t\t\t\t<\/div>\n\t\t\t\t\t<\/div>\n\t\t\t\t<\/div>\n\t\t\t\t<\/div>\n\t\t","protected":false},"excerpt":{"rendered":"<p>Musique 25.04.2025Meets Randy Brecker Jermaine Landsberger, b3 &amp; pianoPaulo Morello, guitarChristoph Huber, drumsRandy Brecker, trumpetDudu Penz, bassKim Barth, alto sax Source d&rsquo;approvisionnement : IN+OUT Records ___________________________________________ 11.11.2022With Heart And Soul (avec le c\u0153ur et l&rsquo;\u00e2me) Jermaine Landsberger, pianoDarryl Hall, basseDonald Edwards, batterieMarcel Loeffler, accord\u00e9onTony Lakatos, saxophoneAxel Schlosser, trompette Source d&rsquo;approvisionnement : GLM Music ___________________________________________ 2020 [&hellip;]<\/p>\n","protected":false},"author":1,"featured_media":0,"parent":0,"menu_order":0,"comment_status":"closed","ping_status":"closed","template":"","meta":{"footnotes":""},"class_list":["post-3174","page","type-page","status-publish","hentry"],"_links":{"self":[{"href":"https:\/\/jermainelandsberger.com\/fr\/wp-json\/wp\/v2\/pages\/3174","targetHints":{"allow":["GET"]}}],"collection":[{"href":"https:\/\/jermainelandsberger.com\/fr\/wp-json\/wp\/v2\/pages"}],"about":[{"href":"https:\/\/jermainelandsberger.com\/fr\/wp-json\/wp\/v2\/types\/page"}],"author":[{"embeddable":true,"href":"https:\/\/jermainelandsberger.com\/fr\/wp-json\/wp\/v2\/users\/1"}],"replies":[{"embeddable":true,"href":"https:\/\/jermainelandsberger.com\/fr\/wp-json\/wp\/v2\/comments?post=3174"}],"version-history":[{"count":5,"href":"https:\/\/jermainelandsberger.com\/fr\/wp-json\/wp\/v2\/pages\/3174\/revisions"}],"predecessor-version":[{"id":3633,"href":"https:\/\/jermainelandsberger.com\/fr\/wp-json\/wp\/v2\/pages\/3174\/revisions\/3633"}],"wp:attachment":[{"href":"https:\/\/jermainelandsberger.com\/fr\/wp-json\/wp\/v2\/media?parent=3174"}],"curies":[{"name":"wp","href":"https:\/\/api.w.org\/{rel}","templated":true}]}}